{"id":917,"date":"2021-05-24T15:19:07","date_gmt":"2021-05-24T13:19:07","guid":{"rendered":"https:\/\/sub.swdag.com\/?page_id=917"},"modified":"2021-05-24T15:19:08","modified_gmt":"2021-05-24T13:19:08","slug":"ueber-uns","status":"publish","type":"page","link":"https:\/\/sub.swdag.com\/?page_id=917","title":{"rendered":"\u00dcBER UNS"},"content":{"rendered":"\n  \n    <section class=\"skrollable u-clearfix u-image u-parallax u-shading u-section-1\" id=\"sec-3f61\" data-image-width=\"918\" data-image-height=\"603\">\n      <div class=\"u-clearfix u-sheet u-sheet-1\">\n        <div class=\"u-container-style u-group u-group-1\">\n          <div class=\"u-container-layout u-valign-top u-container-layout-1\">\n            <h2 class=\"u-align-center u-text u-text-1\">unser Team<\/h2>\n          <\/div>\n        <\/div>\n        <div class=\"u-clearfix u-expanded-width-xs u-gutter-30 u-layout-wrap u-layout-wrap-1\">\n          <div class=\"u-layout\">\n            <div class=\"u-layout-col\">\n              <div class=\"u-align-center u-container-style u-image u-layout-cell u-left-cell u-right-cell u-size-48 u-image-1\" data-image-width=\"1024\" data-image-height=\"1021\">\n                <div class=\"u-container-layout u-container-layout-2\" src=\"\"><\/div>\n              <\/div>\n              <div class=\"u-align-center u-container-style u-layout-cell u-left-cell u-right-cell u-size-12 u-layout-cell-2\">\n                <div class=\"u-container-layout u-valign-bottom u-container-layout-3\">\n                  <h5 class=\"u-text u-text-2\">Werner Schwald<\/h5>\n                  <p class=\"u-text u-text-3\"><b>Gesch\u00e4ftf\u00fchrer<\/b>\n                  <\/p>\n                <\/div>\n              <\/div>\n            <\/div>\n          <\/div>\n        <\/div>\n      <\/div>\n    <\/section>\n    <section class=\"u-clearfix u-grey-25 u-section-2\" id=\"carousel_189f\">\n      <div class=\"u-clearfix u-sheet u-sheet-1\"><\/div>\n    <\/section>\n    <section class=\"skrollable u-align-center u-clearfix u-image u-parallax u-shading u-section-3\" id=\"carousel_65cc\" data-image-width=\"1280\" data-image-height=\"960\">\n      <div class=\"u-clearfix u-sheet u-sheet-1\">\n        <div class=\"u-clearfix u-expanded-width u-gutter-30 u-layout-wrap u-layout-wrap-1\">\n          <div class=\"u-gutter-0 u-layout\">\n            <div class=\"u-layout-row\">\n              <div class=\"u-align-center u-container-style u-layout-cell u-left-cell u-size-15 u-size-30-md u-layout-cell-1\">\n                <div class=\"u-container-layout u-valign-top u-container-layout-1\">\n                  <img class=\"u-expanded-width u-image u-image-1\" src=\"https:\/\/sub.swdag.com\/wp-content\/plugins\/nicepage\/assets\/images\/default-image.jpg\" data-image-width=\"2000\" data-image-height=\"1333\">\n                  <h5 class=\"u-align-center u-text u-text-1\">Mike Markstahler<\/h5>\n                  <p class=\"u-align-center u-text u-text-2\">Techniker Elektrotechnik<\/p>\n                <\/div>\n              <\/div>\n              <div class=\"u-align-center u-container-style u-layout-cell u-size-15 u-size-30-md u-layout-cell-2\">\n                <div class=\"u-container-layout u-valign-top u-container-layout-2\">\n                  <img class=\"u-expanded-width u-image u-image-2\" src=\"https:\/\/sub.swdag.com\/wp-content\/plugins\/nicepage\/assets\/images\/default-image.jpg\" data-image-width=\"2000\" data-image-height=\"1333\">\n                  <h5 class=\"u-align-center u-text u-text-3\">Florian Str\u00fctt<\/h5>\n                  <p class=\"u-align-center u-text u-text-4\">FH Automatisierung<\/p>\n                <\/div>\n              <\/div>\n              <div class=\"u-container-style u-layout-cell u-size-15 u-size-30-md u-layout-cell-3\">\n                <div class=\"u-container-layout u-valign-top u-container-layout-3\">\n                  <img class=\"u-expanded-width u-image u-image-3\" src=\"https:\/\/sub.swdag.com\/wp-content\/uploads\/2021\/05\/12750SchwaldBiancaBew_96dpi.jpg\">\n                  <h5 class=\"u-align-center u-text u-text-5\">Bianca Schwald<\/h5>\n                  <p class=\"u-align-center u-text u-text-6\">Assistenz <\/p>\n                <\/div>\n              <\/div>\n              <div class=\"u-align-center u-container-style u-layout-cell u-right-cell u-size-15 u-size-30-md u-layout-cell-4\">\n                <div class=\"u-container-layout u-container-layout-4\">\n                  <img class=\"u-expanded-width-lg u-expanded-width-md u-expanded-width-sm u-expanded-width-xl u-image u-image-4\" src=\"https:\/\/sub.swdag.com\/wp-content\/uploads\/2021\/05\/Schwald-Dirk-9923b.jpg\" data-image-width=\"531\" data-image-height=\"709\">\n                  <h5 class=\"u-text u-text-7\">Dirk Schwald<\/h5>\n                  <p class=\"u-text u-text-8\">Elektroniker Betriebstechnik<\/p>\n                <\/div>\n              <\/div>\n            <\/div>\n          <\/div>\n        <\/div>\n      <\/div>\n    <\/section>\n    <section class=\"u-clearfix u-grey-25 u-section-4\" id=\"sec-1942\">\n      <div class=\"u-clearfix u-sheet u-sheet-1\"><\/div>\n    <\/section>\n    \n    \n    \n  \n","protected":false},"excerpt":{"rendered":"<p>unser Team Werner Schwald Gesch\u00e4ftf\u00fchrer Mike Markstahler Techniker Elektrotechnik Florian Str\u00fctt FH Automatisierung Bianca Schwald Assistenz Dirk Schwald Elektroniker Betriebstechnik<\/p>\n","protected":false},"author":1,"featured_media":0,"parent":0,"menu_order":9,"comment_status":"closed","ping_status":"closed","template":"","meta":[],"yoast_head":"<!-- This site is optimized with the Yoast SEO plugin v16.3 - https:\/\/yoast.com\/wordpress\/plugins\/seo\/ -->\n<title>\u00dcBER UNS - sub.swdag.com<\/title>\n<meta name=\"robots\" content=\"noindex, follow, max-snippet:-1, max-image-preview:large, max-video-preview:-1\" \/>\n<meta property=\"og:locale\" content=\"de_DE\" \/>\n<meta property=\"og:type\" content=\"article\" \/>\n<meta property=\"og:title\" content=\"\u00dcBER UNS - sub.swdag.com\" \/>\n<meta property=\"og:description\" content=\"unser Team Werner Schwald Gesch\u00e4ftf\u00fchrer Mike Markstahler Techniker Elektrotechnik Florian Str\u00fctt FH Automatisierung Bianca Schwald Assistenz Dirk Schwald Elektroniker Betriebstechnik\" \/>\n<meta property=\"og:url\" content=\"https:\/\/sub.swdag.com\/?page_id=917\" \/>\n<meta property=\"og:site_name\" content=\"sub.swdag.com\" \/>\n<meta property=\"article:modified_time\" content=\"2021-05-24T13:19:08+00:00\" \/>\n<meta name=\"twitter:card\" content=\"summary_large_image\" \/>\n<script type=\"application\/ld+json\" class=\"yoast-schema-graph\">{\"@context\":\"https:\/\/schema.org\",\"@graph\":[{\"@type\":\"WebSite\",\"@id\":\"https:\/\/sub.swdag.com\/#website\",\"url\":\"https:\/\/sub.swdag.com\/\",\"name\":\"sub.swdag.com\",\"description\":\"Just another WordPress site\",\"potentialAction\":[{\"@type\":\"SearchAction\",\"target\":\"https:\/\/sub.swdag.com\/?s={search_term_string}\",\"query-input\":\"required name=search_term_string\"}],\"inLanguage\":\"de\"},{\"@type\":\"WebPage\",\"@id\":\"https:\/\/sub.swdag.com\/?page_id=917#webpage\",\"url\":\"https:\/\/sub.swdag.com\/?page_id=917\",\"name\":\"\\u00dcBER UNS - sub.swdag.com\",\"isPartOf\":{\"@id\":\"https:\/\/sub.swdag.com\/#website\"},\"datePublished\":\"2021-05-24T13:19:07+00:00\",\"dateModified\":\"2021-05-24T13:19:08+00:00\",\"breadcrumb\":{\"@id\":\"https:\/\/sub.swdag.com\/?page_id=917#breadcrumb\"},\"inLanguage\":\"de\",\"potentialAction\":[{\"@type\":\"ReadAction\",\"target\":[\"https:\/\/sub.swdag.com\/?page_id=917\"]}]},{\"@type\":\"BreadcrumbList\",\"@id\":\"https:\/\/sub.swdag.com\/?page_id=917#breadcrumb\",\"itemListElement\":[{\"@type\":\"ListItem\",\"position\":1,\"item\":{\"@type\":\"WebPage\",\"@id\":\"https:\/\/sub.swdag.com\/\",\"url\":\"https:\/\/sub.swdag.com\/\",\"name\":\"Startseite\"}},{\"@type\":\"ListItem\",\"position\":2,\"item\":{\"@id\":\"https:\/\/sub.swdag.com\/?page_id=917#webpage\"}}]}]}<\/script>\n<!-- \/ Yoast SEO plugin. -->","_links":{"self":[{"href":"https:\/\/sub.swdag.com\/index.php?rest_route=\/wp\/v2\/pages\/917"}],"collection":[{"href":"https:\/\/sub.swdag.com\/index.php?rest_route=\/wp\/v2\/pages"}],"about":[{"href":"https:\/\/sub.swdag.com\/index.php?rest_route=\/wp\/v2\/types\/page"}],"author":[{"embeddable":true,"href":"https:\/\/sub.swdag.com\/index.php?rest_route=\/wp\/v2\/users\/1"}],"replies":[{"embeddable":true,"href":"https:\/\/sub.swdag.com\/index.php?rest_route=%2Fwp%2Fv2%2Fcomments&post=917"}],"version-history":[{"count":1,"href":"https:\/\/sub.swdag.com\/index.php?rest_route=\/wp\/v2\/pages\/917\/revisions"}],"predecessor-version":[{"id":932,"href":"https:\/\/sub.swdag.com\/index.php?rest_route=\/wp\/v2\/pages\/917\/revisions\/932"}],"wp:attachment":[{"href":"https:\/\/sub.swdag.com\/index.php?rest_route=%2Fwp%2Fv2%2Fmedia&parent=917"}],"curies":[{"name":"wp","href":"https:\/\/api.w.org\/{rel}","templated":true}]}}