{"id":913,"date":"2021-05-24T15:19:03","date_gmt":"2021-05-24T13:19:03","guid":{"rendered":"https:\/\/sub.swdag.com\/?page_id=913"},"modified":"2021-05-24T15:19:08","modified_gmt":"2021-05-24T13:19:08","slug":"sps","status":"publish","type":"page","link":"https:\/\/sub.swdag.com\/?page_id=913","title":{"rendered":"SPS"},"content":{"rendered":"\n  \n    <section class=\"skrollable u-clearfix u-color-scheme-u10 u-color-style-multicolor-1 u-image u-parallax u-shading u-section-1\" id=\"sec-6221\" data-image-width=\"1024\" data-image-height=\"587\">\n      <div class=\"u-clearfix u-sheet u-sheet-1\">\n        <h1 class=\"u-align-center u-text u-text-1\">SPS Leistungen<\/h1>\n        <h2 class=\"u-text u-text-2\"> &nbsp;\ud83d\udc49&nbsp;Safety Programmierung<\/h2>\n        <h2 class=\"u-text u-text-3\"> &nbsp;\ud83d\udc49 Projektierung&nbsp;<\/h2>\n        <h2 class=\"u-text u-text-4\"> &nbsp;\ud83d\udc49 Programmierung SCL, FUP, KOP<\/h2>\n        <h2 class=\"u-text u-text-5\"> \ud83d\udc49 Visualisierungen, Webvisu<\/h2>\n        <h2 class=\"u-text u-text-6\"> \ud83d\udc49 Inbetriebnahmen<\/h2>\n        <h2 class=\"u-text u-text-7\"> &nbsp;\ud83d\udc49 Risikobeurteilung und Umsetzung<\/h2>\n        <h2 class=\"u-text u-text-8\"> \ud83d\udc49 Abnahme Distributed Safety<\/h2>\n      <\/div>\n    <\/section>\n    <section class=\"u-align-center u-clearfix u-grey-25 u-section-2\" id=\"sec-426c\">\n      <div class=\"u-clearfix u-sheet u-valign-middle-lg u-valign-middle-md u-valign-middle-sm u-valign-middle-xl u-sheet-1\">\n        <h1 class=\"u-text u-text-1\">SPS Programmierung mit Siemens<\/h1>\n      <\/div>\n    <\/section>\n    <section class=\"skrollable u-clearfix u-image u-parallax u-shading u-section-3\" id=\"sec-5121\" data-image-width=\"1024\" data-image-height=\"482\">\n      <div class=\"u-clearfix u-sheet u-sheet-1\">\n        <div class=\"u-clearfix u-expanded-width u-gutter-0 u-layout-wrap u-layout-wrap-1\">\n          <div class=\"u-layout\" style=\"\">\n            <div class=\"u-layout-row\" style=\"\">\n              <div class=\"u-align-center u-container-style u-layout-cell u-left-cell u-shape-rectangle u-size-30 u-size-xs-60 u-layout-cell-1\" src=\"\">\n                <div class=\"u-container-layout u-container-layout-1\">\n                  <h2 class=\"u-text u-text-1\">Wir entwickeln L\u00f6sungen f\u00fcr mehr Wirtschaftlichkeit Ihrer SPS Projektierung<\/h2>\n                  <p class=\"u-text u-text-2\">Weltweite M\u00e4rkte, stetige Kosten- und Zeitdruck sowie zunehmender\nWettbewerb fordern Unternehmen heraus, permanent effizienter zu arbeiten.\nNur so k\u00f6nnen sie den Anforderungen der Branche begegnen und ihre\nanspruchsvollen Ziele wie Fortschritt f\u00fchren, globales Wachstum und\noperative Spitzenleistung erreichen.<\/p>\n                <\/div>\n              <\/div>\n              <div class=\"u-align-center u-container-style u-image u-layout-cell u-right-cell u-size-30 u-size-xs-60 u-image-1\" src=\"\" data-image-width=\"1024\" data-image-height=\"482\">\n                <div class=\"u-container-layout u-valign-middle u-container-layout-2\" src=\"\"><\/div>\n              <\/div>\n            <\/div>\n          <\/div>\n        <\/div>\n      <\/div>\n    <\/section>\n    <section class=\"u-align-center u-clearfix u-grey-25 u-section-4\" id=\"carousel_2408\">\n      <div class=\"u-clearfix u-sheet u-valign-middle u-sheet-1\">\n        <h1 class=\"u-text u-text-1\">HMI<\/h1>\n      <\/div>\n    <\/section>\n    <section class=\"skrollable u-clearfix u-image u-parallax u-shading u-section-5\" id=\"carousel_f93e\" data-image-width=\"1024\" data-image-height=\"482\">\n      <div class=\"u-clearfix u-sheet u-sheet-1\">\n        <div class=\"u-clearfix u-expanded-width u-gutter-0 u-layout-wrap u-layout-wrap-1\">\n          <div class=\"u-layout\" style=\"\">\n            <div class=\"u-layout-row\" style=\"\">\n              <div class=\"u-align-center u-container-style u-layout-cell u-left-cell u-shape-rectangle u-size-30 u-size-xs-60 u-layout-cell-1\" src=\"\">\n                <div class=\"u-container-layout u-container-layout-1\">\n                  <h2 class=\"u-text u-text-1\">HMI Visualisierung<\/h2>\n                  <p class=\"u-text u-text-2\">Zur nahtlosen Anpassung an Ihr individuelles Maschinen und \nAnlagendesign und Ihre spezielle Bedien- und Steuerungsphilosophie \nnehmen wir gestalterische Modifikationen<br> an unserem Produkten vor.<br> Sie nutzen unser umfassendes CustomizationKnow-how und unsere langj\u00e4hrige Erfahrung.<br> Sie brauchen kein zus\u00e4tzliches Know-how aufzubauen und k\u00f6nnen sich voll auf Ihre eigenen Kernkompetenzen konzentrieren.<br> Sie profitieren davon, dass sich Hardwaremodifikationen flexibel aus\n Standards kombinieren lassen, was kundenspezifische L\u00f6sungen auch f\u00fcr \nkleine St\u00fcckzahlen preislich attraktiv macht.<br> Sie bestimmen das f\u00fcr Sie optimale Preis-Leistungs Verh\u00e4ltnis durch \ndie Auswahl von Art und Umfang des kundenspezifischen Anteils.\n                  <\/p>\n                <\/div>\n              <\/div>\n              <div class=\"u-align-center u-container-style u-image u-layout-cell u-right-cell u-size-30 u-size-xs-60 u-image-1\" src=\"\" data-image-width=\"960\" data-image-height=\"691\">\n                <div class=\"u-container-layout u-container-layout-2\" src=\"\"><\/div>\n              <\/div>\n            <\/div>\n          <\/div>\n        <\/div>\n      <\/div>\n    <\/section>\n    <section class=\"u-align-center u-clearfix u-grey-25 u-section-6\" id=\"carousel_6e27\">\n      <div class=\"u-clearfix u-sheet u-valign-middle u-sheet-1\">\n        <h1 class=\"u-text u-text-1\">SPS Programmierung mit CODESYS <\/h1>\n      <\/div>\n    <\/section>\n    <section class=\"skrollable u-clearfix u-image u-parallax u-shading u-section-7\" id=\"carousel_1991\" data-image-width=\"1024\" data-image-height=\"587\">\n      <div class=\"u-clearfix u-sheet u-sheet-1\">\n        <div class=\"u-clearfix u-expanded-width u-gutter-0 u-layout-wrap u-layout-wrap-1\">\n          <div class=\"u-layout\" style=\"\">\n            <div class=\"u-layout-row\" style=\"\">\n              <div class=\"u-align-center u-container-style u-layout-cell u-left-cell u-shape-rectangle u-size-30 u-size-xs-60 u-layout-cell-1\" src=\"\">\n                <div class=\"u-container-layout u-container-layout-1\">\n                  <h2 class=\"u-text u-text-1\">CODESYS<\/h2>\n                  <p class=\"u-text u-text-2\">zeitgem\u00e4\u00dfe Systemarchitektur und effiziente M\u00f6glichkeiten der Programmierung und Projektierung.\nDabei stehen nicht mehr die Ressourcen der Steuerung im<br> Vordergrund sondern die Automatisierungsl\u00f6sung selbst. <br>Einheitliche Programmierung<br> Performancesteigerung<br> Vollwertiger Befehlssatz f\u00fcr jede Sprache\n                  <\/p>\n                <\/div>\n              <\/div>\n              <div class=\"u-align-center u-container-style u-image u-layout-cell u-right-cell u-size-30 u-size-xs-60 u-image-1\" src=\"\" data-image-width=\"1024\" data-image-height=\"587\">\n                <div class=\"u-container-layout u-container-layout-2\" src=\"\"><\/div>\n              <\/div>\n            <\/div>\n          <\/div>\n        <\/div>\n      <\/div>\n    <\/section>\n    <section class=\"u-align-center u-clearfix u-grey-25 u-section-8\" id=\"carousel_14c2\">\n      <div class=\"u-clearfix u-sheet u-valign-middle u-sheet-1\">\n        <h1 class=\"u-text u-text-1\">Durch st\u00e4ndiges Training bleiben wir f\u00fcr sie auf dem neusten Stand und haben die richtige L\u00f6sung.<\/h1>\n      <\/div>\n    <\/section>\n    \n    \n    \n  \n","protected":false},"excerpt":{"rendered":"<p>SPS Leistungen &nbsp;\ud83d\udc49&nbsp;Safety Programmierung &nbsp;\ud83d\udc49 Projektierung&nbsp; &nbsp;\ud83d\udc49 Programmierung SCL, FUP, KOP \ud83d\udc49 Visualisierungen, Webvisu \ud83d\udc49 Inbetriebnahmen &nbsp;\ud83d\udc49 Risikobeurteilung und Umsetzung \ud83d\udc49 Abnahme Distributed Safety SPS Programmierung mit Siemens Wir entwickeln L\u00f6sungen f\u00fcr mehr Wirtschaftlichkeit Ihrer SPS Projektierung Weltweite M\u00e4rkte, stetige Kosten- und Zeitdruck sowie zunehmender Wettbewerb fordern Unternehmen heraus, permanent effizienter zu arbeiten. Nur so &hellip; <a href=\"https:\/\/sub.swdag.com\/?page_id=913\" class=\"more-link\">Continue reading<span class=\"screen-reader-text\"> &#8222;SPS&#8220;<\/span><\/a><\/p>\n","protected":false},"author":1,"featured_media":0,"parent":0,"menu_order":5,"comment_status":"closed","ping_status":"closed","template":"","meta":[],"yoast_head":"<!-- This site is optimized with the Yoast SEO plugin v16.3 - https:\/\/yoast.com\/wordpress\/plugins\/seo\/ -->\n<title>SPS - sub.swdag.com<\/title>\n<meta name=\"robots\" content=\"noindex, follow, max-snippet:-1, max-image-preview:large, max-video-preview:-1\" \/>\n<meta property=\"og:locale\" content=\"de_DE\" \/>\n<meta property=\"og:type\" content=\"article\" \/>\n<meta property=\"og:title\" content=\"SPS - sub.swdag.com\" \/>\n<meta property=\"og:description\" content=\"SPS Leistungen &nbsp;\ud83d\udc49&nbsp;Safety Programmierung &nbsp;\ud83d\udc49 Projektierung&nbsp; &nbsp;\ud83d\udc49 Programmierung SCL, FUP, KOP \ud83d\udc49 Visualisierungen, Webvisu \ud83d\udc49 Inbetriebnahmen &nbsp;\ud83d\udc49 Risikobeurteilung und Umsetzung \ud83d\udc49 Abnahme Distributed Safety SPS Programmierung mit Siemens Wir entwickeln L\u00f6sungen f\u00fcr mehr Wirtschaftlichkeit Ihrer SPS Projektierung Weltweite M\u00e4rkte, stetige Kosten- und Zeitdruck sowie zunehmender Wettbewerb fordern Unternehmen heraus, permanent effizienter zu arbeiten. Nur so &hellip; Continue reading &quot;SPS&quot;\" \/>\n<meta property=\"og:url\" content=\"https:\/\/sub.swdag.com\/?page_id=913\" \/>\n<meta property=\"og:site_name\" content=\"sub.swdag.com\" \/>\n<meta property=\"article:modified_time\" content=\"2021-05-24T13:19:08+00:00\" \/>\n<meta name=\"twitter:card\" content=\"summary_large_image\" \/>\n<meta name=\"twitter:label1\" content=\"Gesch\u00e4tzte Lesezeit\">\n\t<meta name=\"twitter:data1\" content=\"1\u00a0Minute\">\n<script type=\"application\/ld+json\" class=\"yoast-schema-graph\">{\"@context\":\"https:\/\/schema.org\",\"@graph\":[{\"@type\":\"WebSite\",\"@id\":\"https:\/\/sub.swdag.com\/#website\",\"url\":\"https:\/\/sub.swdag.com\/\",\"name\":\"sub.swdag.com\",\"description\":\"Just another WordPress site\",\"potentialAction\":[{\"@type\":\"SearchAction\",\"target\":\"https:\/\/sub.swdag.com\/?s={search_term_string}\",\"query-input\":\"required name=search_term_string\"}],\"inLanguage\":\"de\"},{\"@type\":\"WebPage\",\"@id\":\"https:\/\/sub.swdag.com\/?page_id=913#webpage\",\"url\":\"https:\/\/sub.swdag.com\/?page_id=913\",\"name\":\"SPS - sub.swdag.com\",\"isPartOf\":{\"@id\":\"https:\/\/sub.swdag.com\/#website\"},\"datePublished\":\"2021-05-24T13:19:03+00:00\",\"dateModified\":\"2021-05-24T13:19:08+00:00\",\"breadcrumb\":{\"@id\":\"https:\/\/sub.swdag.com\/?page_id=913#breadcrumb\"},\"inLanguage\":\"de\",\"potentialAction\":[{\"@type\":\"ReadAction\",\"target\":[\"https:\/\/sub.swdag.com\/?page_id=913\"]}]},{\"@type\":\"BreadcrumbList\",\"@id\":\"https:\/\/sub.swdag.com\/?page_id=913#breadcrumb\",\"itemListElement\":[{\"@type\":\"ListItem\",\"position\":1,\"item\":{\"@type\":\"WebPage\",\"@id\":\"https:\/\/sub.swdag.com\/\",\"url\":\"https:\/\/sub.swdag.com\/\",\"name\":\"Startseite\"}},{\"@type\":\"ListItem\",\"position\":2,\"item\":{\"@id\":\"https:\/\/sub.swdag.com\/?page_id=913#webpage\"}}]}]}<\/script>\n<!-- \/ Yoast SEO plugin. -->","_links":{"self":[{"href":"https:\/\/sub.swdag.com\/index.php?rest_route=\/wp\/v2\/pages\/913"}],"collection":[{"href":"https:\/\/sub.swdag.com\/index.php?rest_route=\/wp\/v2\/pages"}],"about":[{"href":"https:\/\/sub.swdag.com\/index.php?rest_route=\/wp\/v2\/types\/page"}],"author":[{"embeddable":true,"href":"https:\/\/sub.swdag.com\/index.php?rest_route=\/wp\/v2\/users\/1"}],"replies":[{"embeddable":true,"href":"https:\/\/sub.swdag.com\/index.php?rest_route=%2Fwp%2Fv2%2Fcomments&post=913"}],"version-history":[{"count":1,"href":"https:\/\/sub.swdag.com\/index.php?rest_route=\/wp\/v2\/pages\/913\/revisions"}],"predecessor-version":[{"id":928,"href":"https:\/\/sub.swdag.com\/index.php?rest_route=\/wp\/v2\/pages\/913\/revisions\/928"}],"wp:attachment":[{"href":"https:\/\/sub.swdag.com\/index.php?rest_route=%2Fwp%2Fv2%2Fmedia&parent=913"}],"curies":[{"name":"wp","href":"https:\/\/api.w.org\/{rel}","templated":true}]}}