{"id":912,"date":"2021-05-24T15:19:02","date_gmt":"2021-05-24T13:19:02","guid":{"rendered":"https:\/\/sub.swdag.com\/?page_id=912"},"modified":"2021-05-24T15:19:08","modified_gmt":"2021-05-24T13:19:08","slug":"jobs","status":"publish","type":"page","link":"https:\/\/sub.swdag.com\/?page_id=912","title":{"rendered":"Jobs"},"content":{"rendered":"\n  \n    <section class=\"u-carousel u-slide u-block-62e0-1\" id=\"carousel_df59\" data-interval=\"5000\" data-u-ride=\"carousel\">\n      <ol class=\"u-absolute-hcenter u-carousel-indicators u-block-62e0-5\">\n        <li data-u-target=\"#carousel_df59\" class=\"u-active u-grey-30\" data-u-slide-to=\"0\"><\/li>\n      <\/ol>\n      <div class=\"u-carousel-inner\" role=\"listbox\">\n        <div class=\"skrollable u-active u-align-center u-carousel-item u-clearfix u-image u-parallax u-shading u-section-1-1\" src=\"\">\n          <div class=\"u-clearfix u-sheet u-valign-middle-xs u-sheet-1\">\n            <h1 class=\"u-align-center u-text u-title u-text-1\">Sie suchen eine neue Herausforderung<\/h1>\n          <\/div>\n        <\/div>\n      <\/div>\n      <a class=\"u-absolute-vcenter u-carousel-control u-carousel-control-prev u-hidden u-text-grey-30 u-block-62e0-3\" href=\"#carousel_df59\" role=\"button\" data-u-slide=\"prev\">\n        <span aria-hidden=\"true\">\n          <svg viewBox=\"0 0 477.175 477.175\"><path d=\"M145.188,238.575l215.5-215.5c5.3-5.3,5.3-13.8,0-19.1s-13.8-5.3-19.1,0l-225.1,225.1c-5.3,5.3-5.3,13.8,0,19.1l225.1,225\n                    c2.6,2.6,6.1,4,9.5,4s6.9-1.3,9.5-4c5.3-5.3,5.3-13.8,0-19.1L145.188,238.575z\"><\/path><\/svg>\n        <\/span>\n        <span class=\"sr-only\">Previous<\/span>\n      <\/a>\n      <a class=\"u-absolute-vcenter u-carousel-control u-carousel-control-next u-hidden u-text-grey-30 u-block-62e0-4\" href=\"#carousel_df59\" role=\"button\" data-u-slide=\"next\">\n        <span aria-hidden=\"true\">\n          <svg viewBox=\"0 0 477.175 477.175\"><path d=\"M360.731,229.075l-225.1-225.1c-5.3-5.3-13.8-5.3-19.1,0s-5.3,13.8,0,19.1l215.5,215.5l-215.5,215.5\n                    c-5.3,5.3-5.3,13.8,0,19.1c2.6,2.6,6.1,4,9.5,4c3.4,0,6.9-1.3,9.5-4l225.1-225.1C365.931,242.875,365.931,234.275,360.731,229.075z\"><\/path><\/svg>\n        <\/span>\n        <span class=\"sr-only\">Next<\/span>\n      <\/a>\n    <\/section>\n    <section class=\"u-align-left u-clearfix u-grey-25 u-section-2\" id=\"carousel_0192\">\n      <div class=\"u-clearfix u-sheet u-sheet-1\"><\/div>\n    <\/section>\n    <section class=\"skrollable u-align-center u-clearfix u-image u-parallax u-shading u-section-3\" id=\"sec-cafe\" data-image-width=\"1024\" data-image-height=\"724\">\n      <div class=\"u-clearfix u-sheet u-sheet-1\">\n        <h3 class=\"u-text u-text-1\">El\u200bektrokonstrukteur EPLAN&nbsp;(m\/w\/d)<\/h3>\n        <p class=\"u-align-left u-text u-text-2\">Ihre Aufgaben<\/p>\n        <p class=\"u-align-left u-text u-text-3\">\n          <span style=\"font-weight: 400;\">Anspruchsvoll und attraktiv - Ihre Aufgaben k\u00f6nnen sich sehen lassen.<\/span>\n          <br>\n        <\/p>\n        <ul class=\"u-align-left u-text u-text-4\">\n          <li>Konzipieren, Planen und Konstruieren im Bereich der innovativen<\/li>\n          <li>Automatisierungstechnik<\/li>\n          <li>Eigenst\u00e4ndige Durchf\u00fchrung von Auftr\u00e4gen<\/li>\n          <li>Konstruktion und Schaltplanerstellung mit dem CAE-System EPLAN P8<\/li>\n          <li>Erstellung der f\u00fcr Um- und Neubau der Anlagen notwendigen Dokumentation<\/li>\n          <li>Anfertigung und Pflege von Stromlaufpl\u00e4nen und St\u00fccklisten<\/li>\n          <li>Erstellung von Makros und Pflege der Artikeldatenbank<br>\n          <\/li>\n        <\/ul>\n        <p class=\"u-align-left u-text u-text-5\">\n          <span style=\"font-weight: 400;\">Wachstum und Abwechslung - Ihre Entwicklung hat Perspektiven.<\/span>\n          <br>\n        <\/p>\n        <ul class=\"u-align-left u-text u-text-6\">\n          <li>F\u00f6rderung eigener Methodenkompetenzen<\/li>\n          <li>Regelm\u00e4\u00dfige Mitarbeiterbefragungen zugunsten einer guten Arbeitsatmosph\u00e4re<\/li>\n          <li>Hohe Planungssicherheit durch unbefristeten Arbeitsvertrag<\/li>\n          <li>Mitarbeiterevents zur St\u00e4rkung des Teamgeists<\/li>\n        <\/ul>\n        <p class=\"u-align-left u-text u-text-7\">Ihr Profil<\/p>\n        <p class=\"u-align-left u-text u-text-8\">Fachlich und pers\u00f6nlich - Ihre Qualifikation ist \u00fcberzeugend.<span style=\"font-weight: 400;\">\n            <span style=\"font-weight: 700;\"><\/span>\n          <\/span>\n          <br>\n        <\/p>\n        <ul class=\"u-align-left u-text u-text-9\">\n          <li style=\"\">Erfolgreich abgeschlossene Berufsausbildung\/ Weiterbildung zum \nstaatlich gepr\u00fcften Techniker\/erfolgreich abgeschlossenes Studium der \nElektrotechnik oder vergleichbare Qualifikation<\/li>\n          <li style=\"\">Gute Kenntnisse im Umgang mit EPLAN&nbsp;<\/li>\n          <li style=\"\">Erfahrung im Bereich Sondermaschinenbau oder Automatisierungstechnik<\/li>\n          <li style=\"\">Selbstst\u00e4ndiges Arbeiten, Kommunikationsf\u00e4higkeit und Innovation<\/li>\n          <li style=\"\">Gute Englisch- und Deutschkenntnisse<\/li>\n        <\/ul>\n        <p class=\"u-align-left u-text u-text-10\">Unser Angebot klingt wie f\u00fcr Sie gemacht? Dann freuen wir uns auf Ihre Bewerbung.&nbsp;<br>\n        <\/p>\n        <p class=\"u-align-left u-text u-text-11\">Kontakt<\/p>\n        <p class=\"u-align-left u-text u-text-12\"><b>Schwald Automatisierungs GmbH<\/b>\n          <br> Belchen Str 63 \/ 6<br> 79650 Schopfheim<br>info@swdag.com\n        <\/p>\n      <\/div>\n    <\/section>\n    <section class=\"u-align-left u-clearfix u-grey-25 u-section-4\" id=\"sec-3774\">\n      <div class=\"u-clearfix u-sheet u-sheet-1\"><\/div>\n    <\/section>\n    <section class=\"skrollable u-align-center u-clearfix u-image u-parallax u-shading u-section-5\" id=\"carousel_1a25\" data-image-width=\"1280\" data-image-height=\"960\">\n      <div class=\"u-clearfix u-sheet u-sheet-1\">\n        <h3 class=\"u-text u-text-1\">Elektroniker (m\/w\/d) - Elektroinstallateur (m\/w\/d)<\/h3>\n        <p class=\"u-align-left u-text u-text-2\">Ihre Aufgaben<\/p>\n        <p class=\"u-align-left u-text u-text-3\">\n          <span style=\"font-weight: 400;\">Anspruchsvoll und attraktiv - Ihre Aufgaben k\u00f6nnen sich sehen lassen.<\/span>\n          <br>\n        <\/p>\n        <ul class=\"u-align-left u-text u-text-4\">\n          <li style=\"\">St\u00f6rungsbeseitigung an Maschinen und Anlagen<\/li>\n          <li style=\"\">Installation elektrischer Komponenten<\/li>\n          <li style=\"\">Betreuung, Wartung und Reparatur der Haustechnik<\/li>\n          <li style=\"\">Inbetriebnahme von neuen Maschinen, Anlagen und Betriebsvorrichtungen<\/li>\n          <li style=\"\">Wartung und Reparatur an Au\u00dfenanlagen<\/li>\n          <li style=\"\">Durchf\u00fchren von Wartungsarbeiten und vorbeugenden Instandsetzungsma\u00dfnahmen<\/li>\n          <li style=\"\">Ersatzteilbestellung und \u2013lagerung<\/li>\n          <li style=\"\">Regelm\u00e4\u00dfige \u00dcberpr\u00fcfung von Anlagen und Betriebsmitteln gem. gesetzlicher Vorschriften<\/li>\n        <\/ul>\n        <p class=\"u-align-left u-text u-text-5\">\n          <span style=\"font-weight: 400;\">Wachstum und Abwechslung - Ihre Entwicklung hat Perspektiven.<\/span>\n          <br>\n        <\/p>\n        <ul class=\"u-align-left u-text u-text-6\">\n          <li>F\u00f6rderung eigener Methodenkompetenzen<\/li>\n          <li>Regelm\u00e4\u00dfige Mitarbeiterbefragungen zugunsten einer guten Arbeitsatmosph\u00e4re<\/li>\n          <li>Hohe Planungssicherheit durch unbefristeten Arbeitsvertrag<\/li>\n          <li>Mitarbeiterevents zur St\u00e4rkung des Teamgeists<\/li>\n        <\/ul>\n        <p class=\"u-align-left u-text u-text-7\">Ihr Profil<\/p>\n        <p class=\"u-align-left u-text u-text-8\">Fachlich und pers\u00f6nlich - Ihre Qualifikation ist \u00fcberzeugend.<span style=\"font-weight: 400;\">\n            <span style=\"font-weight: 700;\"><\/span>\n          <\/span>\n          <br>\n        <\/p>\n        <ul class=\"u-align-left u-text u-text-9\">\n          <li style=\"\">Abgeschlossene Berufsausbildung zum Elektriker oder Elektroinstallateur<\/li>\n          <li style=\"\">Berufserfahrung als Elektriker\/ Elektroinstallateur<\/li>\n          <li style=\"\">Erfahrung in der Fehleranalyse elektrischer Betriebsmittel<\/li>\n          <li style=\"\">Kenntnisse der gesetzlichen Anforderungen<\/li>\n          <li style=\"\">Grundkenntnisse Netzwerktechnik<\/li>\n          <li style=\"\">Kenntnisse in SPS und EPLAN w\u00fcnschenswert<\/li>\n          <li style=\"\">Selbstst\u00e4ndiges Arbeiten, Kommunikationsf\u00e4higkeit und Innovation<\/li>\n        <\/ul>\n        <p class=\"u-align-left u-text u-text-10\">Unser Angebot klingt wie f\u00fcr Sie gemacht? Dann freuen wir uns auf Ihre Bewerbung.&nbsp;<br>\n        <\/p>\n        <p class=\"u-align-left u-text u-text-11\">Kontakt<\/p>\n        <p class=\"u-align-left u-text u-text-12\"><b>Schwald Automatisierungs GmbH<\/b>\n          <br>Belchen Str 63 \/ 6<br> 79650 Schopfheim<br>info@swdag.com\n        <\/p>\n      <\/div>\n    <\/section>\n    <section class=\"u-align-left u-clearfix u-grey-25 u-section-6\" id=\"carousel_b035\">\n      <div class=\"u-clearfix u-sheet u-sheet-1\"><\/div>\n    <\/section>\n    \n    \n    \n  \n","protected":false},"excerpt":{"rendered":"<p>Sie suchen eine neue Herausforderung Previous Next El\u200bektrokonstrukteur EPLAN&nbsp;(m\/w\/d) Ihre Aufgaben Anspruchsvoll und attraktiv &#8211; Ihre Aufgaben k\u00f6nnen sich sehen lassen. Konzipieren, Planen und Konstruieren im Bereich der innovativen Automatisierungstechnik Eigenst\u00e4ndige Durchf\u00fchrung von Auftr\u00e4gen Konstruktion und Schaltplanerstellung mit dem CAE-System EPLAN P8 Erstellung der f\u00fcr Um- und Neubau der Anlagen notwendigen Dokumentation Anfertigung und Pflege &hellip; <a href=\"https:\/\/sub.swdag.com\/?page_id=912\" class=\"more-link\">Continue reading<span class=\"screen-reader-text\"> &#8222;Jobs&#8220;<\/span><\/a><\/p>\n","protected":false},"author":1,"featured_media":0,"parent":0,"menu_order":4,"comment_status":"closed","ping_status":"closed","template":"","meta":[],"yoast_head":"<!-- This site is optimized with the Yoast SEO plugin v16.3 - https:\/\/yoast.com\/wordpress\/plugins\/seo\/ -->\n<title>Jobs - sub.swdag.com<\/title>\n<meta name=\"robots\" content=\"noindex, follow, max-snippet:-1, max-image-preview:large, max-video-preview:-1\" \/>\n<meta property=\"og:locale\" content=\"de_DE\" \/>\n<meta property=\"og:type\" content=\"article\" \/>\n<meta property=\"og:title\" content=\"Jobs - sub.swdag.com\" \/>\n<meta property=\"og:description\" content=\"Sie suchen eine neue Herausforderung Previous Next El\u200bektrokonstrukteur EPLAN&nbsp;(m\/w\/d) Ihre Aufgaben Anspruchsvoll und attraktiv - Ihre Aufgaben k\u00f6nnen sich sehen lassen. Konzipieren, Planen und Konstruieren im Bereich der innovativen Automatisierungstechnik Eigenst\u00e4ndige Durchf\u00fchrung von Auftr\u00e4gen Konstruktion und Schaltplanerstellung mit dem CAE-System EPLAN P8 Erstellung der f\u00fcr Um- und Neubau der Anlagen notwendigen Dokumentation Anfertigung und Pflege &hellip; Continue reading &quot;Jobs&quot;\" \/>\n<meta property=\"og:url\" content=\"https:\/\/sub.swdag.com\/?page_id=912\" \/>\n<meta property=\"og:site_name\" content=\"sub.swdag.com\" \/>\n<meta property=\"article:modified_time\" content=\"2021-05-24T13:19:08+00:00\" \/>\n<meta name=\"twitter:card\" content=\"summary_large_image\" \/>\n<meta name=\"twitter:label1\" content=\"Gesch\u00e4tzte Lesezeit\">\n\t<meta name=\"twitter:data1\" content=\"2\u00a0Minuten\">\n<script type=\"application\/ld+json\" class=\"yoast-schema-graph\">{\"@context\":\"https:\/\/schema.org\",\"@graph\":[{\"@type\":\"WebSite\",\"@id\":\"https:\/\/sub.swdag.com\/#website\",\"url\":\"https:\/\/sub.swdag.com\/\",\"name\":\"sub.swdag.com\",\"description\":\"Just another WordPress site\",\"potentialAction\":[{\"@type\":\"SearchAction\",\"target\":\"https:\/\/sub.swdag.com\/?s={search_term_string}\",\"query-input\":\"required name=search_term_string\"}],\"inLanguage\":\"de\"},{\"@type\":\"WebPage\",\"@id\":\"https:\/\/sub.swdag.com\/?page_id=912#webpage\",\"url\":\"https:\/\/sub.swdag.com\/?page_id=912\",\"name\":\"Jobs - sub.swdag.com\",\"isPartOf\":{\"@id\":\"https:\/\/sub.swdag.com\/#website\"},\"datePublished\":\"2021-05-24T13:19:02+00:00\",\"dateModified\":\"2021-05-24T13:19:08+00:00\",\"breadcrumb\":{\"@id\":\"https:\/\/sub.swdag.com\/?page_id=912#breadcrumb\"},\"inLanguage\":\"de\",\"potentialAction\":[{\"@type\":\"ReadAction\",\"target\":[\"https:\/\/sub.swdag.com\/?page_id=912\"]}]},{\"@type\":\"BreadcrumbList\",\"@id\":\"https:\/\/sub.swdag.com\/?page_id=912#breadcrumb\",\"itemListElement\":[{\"@type\":\"ListItem\",\"position\":1,\"item\":{\"@type\":\"WebPage\",\"@id\":\"https:\/\/sub.swdag.com\/\",\"url\":\"https:\/\/sub.swdag.com\/\",\"name\":\"Startseite\"}},{\"@type\":\"ListItem\",\"position\":2,\"item\":{\"@id\":\"https:\/\/sub.swdag.com\/?page_id=912#webpage\"}}]}]}<\/script>\n<!-- \/ Yoast SEO plugin. -->","_links":{"self":[{"href":"https:\/\/sub.swdag.com\/index.php?rest_route=\/wp\/v2\/pages\/912"}],"collection":[{"href":"https:\/\/sub.swdag.com\/index.php?rest_route=\/wp\/v2\/pages"}],"about":[{"href":"https:\/\/sub.swdag.com\/index.php?rest_route=\/wp\/v2\/types\/page"}],"author":[{"embeddable":true,"href":"https:\/\/sub.swdag.com\/index.php?rest_route=\/wp\/v2\/users\/1"}],"replies":[{"embeddable":true,"href":"https:\/\/sub.swdag.com\/index.php?rest_route=%2Fwp%2Fv2%2Fcomments&post=912"}],"version-history":[{"count":1,"href":"https:\/\/sub.swdag.com\/index.php?rest_route=\/wp\/v2\/pages\/912\/revisions"}],"predecessor-version":[{"id":927,"href":"https:\/\/sub.swdag.com\/index.php?rest_route=\/wp\/v2\/pages\/912\/revisions\/927"}],"wp:attachment":[{"href":"https:\/\/sub.swdag.com\/index.php?rest_route=%2Fwp%2Fv2%2Fmedia&parent=912"}],"curies":[{"name":"wp","href":"https:\/\/api.w.org\/{rel}","templated":true}]}}